{"id":2,"date":"2022-10-17T07:24:27","date_gmt":"2022-10-17T07:24:27","guid":{"rendered":"https:\/\/maki-service.sk\/?page_id=2"},"modified":"2024-04-22T07:54:48","modified_gmt":"2024-04-22T07:54:48","slug":"o-nas","status":"publish","type":"page","link":"https:\/\/maki-service.sk\/","title":{"rendered":"O n\u00e1s"},"content":{"rendered":"\n<p>Realizujeme pre V\u00e1s v\u00fdkopov\u00e9 a zemn\u00e9 pr\u00e1ce strojovo (1.1.2015).<br>Na\u0161ou v\u00fdhodou je zodpovednos\u0165,&nbsp;spo\u013eahlivos\u0165 dodr\u017eiavanie term\u00ednov a \u0161irok\u00e1 \u0161k\u00e1la mal\u00fdch stavebn\u00fdch strojov, disponujeme bohat\u00fdm nov\u00fdm technick\u00fdm vybaven\u00edm.<\/p>\n\n\n\n<div class=\"wp-block-columns is-layout-flex wp-container-core-columns-is-layout-1 wp-block-columns-is-layout-flex\">\n<div class=\"wp-block-column is-layout-flow wp-block-column-is-layout-flow\">\n<ul><li>pr\u00edpravn\u00e9 pr\u00e1ce pre stavbu<\/li><li>b\u00faracie a demola\u010dn\u00e9 pr\u00e1ce s\u00a0b\u00farac\u00edm kladivom men\u0161ieho rozsahu z\u00e1hradn\u00fdch dom\u010dekov a domov<\/li><li>v\u00fdkopy (mechanizmami aj ru\u010dn\u00e9), pieskovanie, z\u00e1syp kanaliza\u010dn\u00fdch, vodovodn\u00fdch a in\u00fdch r\u00fdh<\/li><li>v\u00fdkopy pre in\u017einierske siete, \u0161achty, \u010cOV, baz\u00e9ny, jazierka, z\u00e1klady pre ploty<\/li><li>nakladanie a prekladanie v\u00fdkopov<\/li><li>dovoz \u0161trkov a\u00a0pieskov do 3,5t<\/li><li>dovoz strojov na miesto vlastnou prepravou<\/li><li>hydraulick\u00e9 pretl\u00e1\u010danie popod cestu s\u00a0priemerom 90,130,150mm s\u00a0max d\u013a\u017ekou 13m<\/li><li>zemn\u00e9 a v\u00fdkopov\u00e9 pr\u00e1ce a\u00a0pretlaky realizujeme\u00a0v r\u00e1mci Nitrianskeho kraja ale i \u010diasto\u010dne BB kraja<\/li><li>v\u0155tacie pr\u00e1ce do zeme s\u00a0vrt\u00e1kom priemer 150, 250 a 400mm s h\u013abkou 1000mm<\/li><li>Mixovacia lopata na beton\u00e1\u017e s objemom 250l<\/li><li>Mul\u010dovacie pr\u00e1ce n\u00e1letov\u00fdch drev\u00edn do priemeru 30mm v nepr\u00edstupnom ter\u00e9ne<\/li><\/ul>\n<\/div>\n\n\n\n<div class=\"wp-block-column is-layout-flow wp-block-column-is-layout-flow\">\n<p>Po\u010das n\u00e1\u0161ho p\u00e4\u0165ro\u010dn\u00e9ho p\u00f4sobenia na Slovenskom trhu sme sa podie\u013eali na mnoh\u00fdch v\u00e4\u010d\u0161\u00edch aj men\u0161\u00edch stavebn\u00fdch projektoch, pri\u010dom rovnakou prioritou ost\u00e1vaj\u00fa pre n\u00e1s aj tie men\u0161ie, ktor\u00e9 sme zrealizovali v hojnom mno\u017estve (v\u00fdkopy z\u00e1kladov&nbsp;rodinn\u00fdch domov a bytoviek, \u00fapravy okolo rodinn\u00fdch domov, pr\u00edprava ter\u00e9nov na chodn\u00edky, parkovisk\u00e1 a in\u00e9 zemn\u00e9, v\u00fdkopov\u00e9 a b\u00faracie pr\u00e1ce). Po\u010das zimnej sez\u00f3ny vykon\u00e1vame, zimn\u00fa \u00fadru\u017ebu are\u00e1lov, parkov\u00edsk. (odh\u0155\u0148anie strojovo aj&nbsp;ru\u010dne + posyp technickou so\u013eou).<\/p>\n<\/div>\n<\/div>\n","protected":false},"excerpt":{"rendered":"<p>Realizujeme pre V\u00e1s v\u00fdkopov\u00e9 a zemn\u00e9 pr\u00e1ce strojovo (1.1.2015).Na\u0161ou v\u00fdhodou je zodpovednos\u0165,&nbsp;spo\u013eahlivos\u0165 dodr\u017eiavanie term\u00ednov a \u0161irok\u00e1 \u0161k\u00e1la mal\u00fdch stavebn\u00fdch strojov, disponujeme bohat\u00fdm nov\u00fdm technick\u00fdm vybaven\u00edm. pr\u00edpravn\u00e9 pr\u00e1ce pre stavbu b\u00faracie a demola\u010dn\u00e9 pr\u00e1ce s\u00a0b\u00farac\u00edm kladivom men\u0161ieho rozsahu z\u00e1hradn\u00fdch dom\u010dekov a domov v\u00fdkopy (mechanizmami aj ru\u010dn\u00e9), pieskovanie, z\u00e1syp kanaliza\u010dn\u00fdch, vodovodn\u00fdch a in\u00fdch r\u00fdh v\u00fdkopy pre in\u017einierske&hellip;&nbsp;<a href=\"https:\/\/maki-service.sk\/\" class=\"\" rel=\"bookmark\">\u010c\u00edta\u0165 viac &raquo;<span class=\"screen-reader-text\">O n\u00e1s<\/span><\/a><\/p>\n","protected":false},"author":1,"featured_media":0,"parent":0,"menu_order":0,"comment_status":"closed","ping_status":"closed","template":"","meta":{"om_disable_all_campaigns":false,"_monsterinsights_skip_tracking":false,"_monsterinsights_sitenote_active":false,"_monsterinsights_sitenote_note":"","_monsterinsights_sitenote_category":0,"neve_meta_sidebar":"","neve_meta_container":"","neve_meta_enable_content_width":"","neve_meta_content_width":0,"neve_meta_title_alignment":"","neve_meta_author_avatar":"","neve_post_elements_order":"","neve_meta_disable_header":"","neve_meta_disable_footer":"","neve_meta_disable_title":"","footnotes":""},"aioseo_notices":[],"_links":{"self":[{"href":"https:\/\/maki-service.sk\/index.php\/wp-json\/wp\/v2\/pages\/2"}],"collection":[{"href":"https:\/\/maki-service.sk\/index.php\/wp-json\/wp\/v2\/pages"}],"about":[{"href":"https:\/\/maki-service.sk\/index.php\/wp-json\/wp\/v2\/types\/page"}],"author":[{"embeddable":true,"href":"https:\/\/maki-service.sk\/index.php\/wp-json\/wp\/v2\/users\/1"}],"replies":[{"embeddable":true,"href":"https:\/\/maki-service.sk\/index.php\/wp-json\/wp\/v2\/comments?post=2"}],"version-history":[{"count":9,"href":"https:\/\/maki-service.sk\/index.php\/wp-json\/wp\/v2\/pages\/2\/revisions"}],"predecessor-version":[{"id":138,"href":"https:\/\/maki-service.sk\/index.php\/wp-json\/wp\/v2\/pages\/2\/revisions\/138"}],"wp:attachment":[{"href":"https:\/\/maki-service.sk\/index.php\/wp-json\/wp\/v2\/media?parent=2"}],"curies":[{"name":"wp","href":"https:\/\/api.w.org\/{rel}","templated":true}]}}