{"id":94,"date":"2022-10-25T08:39:20","date_gmt":"2022-10-25T08:39:20","guid":{"rendered":"https:\/\/maki-service.sk\/?page_id=94"},"modified":"2022-10-25T09:24:45","modified_gmt":"2022-10-25T09:24:45","slug":"maki-service-s-r-o-vykopove-a-zemne-prace","status":"publish","type":"page","link":"https:\/\/maki-service.sk\/index.php\/maki-service-s-r-o-vykopove-a-zemne-prace\/","title":{"rendered":"Na\u0161e stroje"},"content":{"rendered":"\n<div class=\"wp-block-columns is-layout-flex wp-container-core-columns-is-layout-1 wp-block-columns-is-layout-flex\">\n<div class=\"wp-block-column is-layout-flow wp-block-column-is-layout-flow\" style=\"flex-basis:33.33%\">\n<p><strong>B\u00e1ger&nbsp; TAKEUCHI TB 225<\/strong><\/p>\n\n\n\n<p>Hmotnos\u0165 2,5t, min.\u0161\u00edrka stroja 1100mm, h\u013abka v\u00fdkopu 2500mm, ly\u017eice 300,500,700mm.<\/p>\n\n\n\n<p>Svahova\u010dka 1000mm,hydraulick\u00fd r\u00fdchloupin\u00e1k Powertilt ,mimoos\u00e9 kopanie.<\/p>\n<\/div>\n\n\n\n<div class=\"wp-block-column is-layout-flow wp-block-column-is-layout-flow\" style=\"flex-basis:66.66%\">\n<figure class=\"wp-block-image size-full\"><img loading=\"lazy\" decoding=\"async\" width=\"333\" height=\"249\" src=\"https:\/\/maki-service.sk\/wp-content\/uploads\/2022\/10\/TB225_1.jpg\" alt=\"\" class=\"wp-image-96\" srcset=\"https:\/\/maki-service.sk\/wp-content\/uploads\/2022\/10\/TB225_1.jpg 333w, https:\/\/maki-service.sk\/wp-content\/uploads\/2022\/10\/TB225_1-300x224.jpg 300w\" sizes=\"(max-width: 333px) 100vw, 333px\" \/><\/figure>\n\n\n\n<figure class=\"wp-block-image size-full\"><img loading=\"lazy\" decoding=\"async\" width=\"280\" height=\"210\" src=\"https:\/\/maki-service.sk\/wp-content\/uploads\/2022\/10\/TB225_2.jpg\" alt=\"\" class=\"wp-image-97\"\/><\/figure>\n\n\n\n<figure class=\"wp-block-image size-full\"><img loading=\"lazy\" decoding=\"async\" width=\"240\" height=\"180\" src=\"https:\/\/maki-service.sk\/wp-content\/uploads\/2022\/10\/TB225-1.jpg\" alt=\"\" class=\"wp-image-98\"\/><\/figure>\n<\/div>\n<\/div>\n\n\n\n<hr class=\"wp-block-separator has-alpha-channel-opacity\"\/>\n\n\n\n<div class=\"wp-block-columns is-layout-flex wp-container-core-columns-is-layout-2 wp-block-columns-is-layout-flex\">\n<div class=\"wp-block-column is-layout-flow wp-block-column-is-layout-flow\" style=\"flex-basis:33.33%\">\n<p><strong>Naklada\u010d&nbsp; GEHL R 105<\/strong><\/p>\n\n\n\n<p>Hmotnos\u0165 1,8t<\/p>\n\n\n\n<p>Celkov\u00e1 d\u013a\u017eka s ly\u017eicou &#8211; 2896mm<\/p>\n\n\n\n<p>Pracovn\u00e1 v\u00fd\u0161ka &#8211; 2731mm<\/p>\n\n\n\n<p>\u0160\u00edrka ly\u017eice &#8211; 1250mm&nbsp;<\/p>\n<\/div>\n\n\n\n<div class=\"wp-block-column is-layout-flow wp-block-column-is-layout-flow\" style=\"flex-basis:66.66%\">\n<figure class=\"wp-block-image size-full\"><img loading=\"lazy\" decoding=\"async\" width=\"335\" height=\"251\" src=\"https:\/\/maki-service.sk\/wp-content\/uploads\/2022\/10\/Gehl.jpg\" alt=\"\" class=\"wp-image-99\" srcset=\"https:\/\/maki-service.sk\/wp-content\/uploads\/2022\/10\/Gehl.jpg 335w, https:\/\/maki-service.sk\/wp-content\/uploads\/2022\/10\/Gehl-300x225.jpg 300w\" sizes=\"(max-width: 335px) 100vw, 335px\" \/><\/figure>\n<\/div>\n<\/div>\n\n\n\n<hr class=\"wp-block-separator has-alpha-channel-opacity\"\/>\n\n\n\n<div class=\"wp-block-columns is-layout-flex wp-container-core-columns-is-layout-3 wp-block-columns-is-layout-flex\">\n<div class=\"wp-block-column is-layout-flow wp-block-column-is-layout-flow\" style=\"flex-basis:33.33%\">\n<p><strong>Vykl\u00e1pa\u010d Iveco DAILY<\/strong><\/p>\n\n\n\n<p>Trojstrann\u00fd s\u00a0nosnos\u0165ou 3.5t<\/p>\n<\/div>\n\n\n\n<div class=\"wp-block-column is-layout-flow wp-block-column-is-layout-flow\" style=\"flex-basis:66.66%\">\n<figure class=\"wp-block-image size-full\"><img loading=\"lazy\" decoding=\"async\" width=\"334\" height=\"187\" src=\"https:\/\/maki-service.sk\/wp-content\/uploads\/2022\/10\/Vyklapac.jpg\" alt=\"\" class=\"wp-image-105\" srcset=\"https:\/\/maki-service.sk\/wp-content\/uploads\/2022\/10\/Vyklapac.jpg 334w, https:\/\/maki-service.sk\/wp-content\/uploads\/2022\/10\/Vyklapac-300x168.jpg 300w\" sizes=\"(max-width: 334px) 100vw, 334px\" \/><\/figure>\n<\/div>\n<\/div>\n\n\n\n<hr class=\"wp-block-separator has-alpha-channel-opacity\"\/>\n\n\n\n<div class=\"wp-block-columns is-layout-flex wp-container-core-columns-is-layout-4 wp-block-columns-is-layout-flex\">\n<div class=\"wp-block-column is-layout-flow wp-block-column-is-layout-flow\" style=\"flex-basis:33.33%\">\n<p><strong>Od\u0165ahovka Iveco DAILY<\/strong><\/p>\n\n\n\n<p>S\u00a0nosnos\u0165ou 3,5t + elektrick\u00fd navij\u00e1k<\/p>\n<\/div>\n\n\n\n<div class=\"wp-block-column is-layout-flow wp-block-column-is-layout-flow\" style=\"flex-basis:66.66%\">\n<figure class=\"wp-block-image size-full\"><img loading=\"lazy\" decoding=\"async\" width=\"332\" height=\"249\" src=\"https:\/\/maki-service.sk\/wp-content\/uploads\/2022\/10\/Iveco.jpg\" alt=\"\" class=\"wp-image-106\" srcset=\"https:\/\/maki-service.sk\/wp-content\/uploads\/2022\/10\/Iveco.jpg 332w, https:\/\/maki-service.sk\/wp-content\/uploads\/2022\/10\/Iveco-300x225.jpg 300w\" sizes=\"(max-width: 332px) 100vw, 332px\" \/><\/figure>\n<\/div>\n<\/div>\n\n\n\n<hr class=\"wp-block-separator has-alpha-channel-opacity\"\/>\n\n\n\n<div class=\"wp-block-columns is-layout-flex wp-container-core-columns-is-layout-5 wp-block-columns-is-layout-flex\">\n<div class=\"wp-block-column is-layout-flow wp-block-column-is-layout-flow\" style=\"flex-basis:33.33%\">\n<p>Mixovacia lopata na beton\u00e1\u017e s objemom 250l<\/p>\n<\/div>\n\n\n\n<div class=\"wp-block-column is-layout-flow wp-block-column-is-layout-flow\" style=\"flex-basis:66.66%\">\n<figure class=\"wp-block-image size-full\"><img loading=\"lazy\" decoding=\"async\" width=\"332\" height=\"249\" src=\"https:\/\/maki-service.sk\/wp-content\/uploads\/2022\/10\/mix.jpg\" alt=\"\" class=\"wp-image-109\" srcset=\"https:\/\/maki-service.sk\/wp-content\/uploads\/2022\/10\/mix.jpg 332w, https:\/\/maki-service.sk\/wp-content\/uploads\/2022\/10\/mix-300x225.jpg 300w\" sizes=\"(max-width: 332px) 100vw, 332px\" \/><\/figure>\n<\/div>\n<\/div>\n\n\n\n<hr class=\"wp-block-separator has-alpha-channel-opacity\"\/>\n\n\n\n<div class=\"wp-block-columns is-layout-flex wp-container-core-columns-is-layout-6 wp-block-columns-is-layout-flex\">\n<div class=\"wp-block-column is-layout-flow wp-block-column-is-layout-flow\" style=\"flex-basis:33.33%\">\n<p>Mul\u010dovacie pr\u00e1ce n\u00e1letov\u00fdch drev\u00edn do priemeru 30mm v nepr\u00edstupnom ter\u00e9ne<\/p>\n<\/div>\n\n\n\n<div class=\"wp-block-column is-layout-flow wp-block-column-is-layout-flow\" style=\"flex-basis:66.66%\">\n<figure class=\"wp-block-image size-full\"><img loading=\"lazy\" decoding=\"async\" width=\"331\" height=\"186\" src=\"https:\/\/maki-service.sk\/wp-content\/uploads\/2022\/10\/mulc.jpg\" alt=\"\" class=\"wp-image-112\" srcset=\"https:\/\/maki-service.sk\/wp-content\/uploads\/2022\/10\/mulc.jpg 331w, https:\/\/maki-service.sk\/wp-content\/uploads\/2022\/10\/mulc-300x169.jpg 300w\" sizes=\"(max-width: 331px) 100vw, 331px\" \/><\/figure>\n\n\n\n<figure class=\"wp-block-image size-full\"><img loading=\"lazy\" decoding=\"async\" width=\"278\" height=\"156\" src=\"https:\/\/maki-service.sk\/wp-content\/uploads\/2022\/10\/mulc_1.jpg\" alt=\"\" class=\"wp-image-113\"\/><\/figure>\n<\/div>\n<\/div>\n","protected":false},"excerpt":{"rendered":"<p>B\u00e1ger&nbsp; TAKEUCHI TB 225 Hmotnos\u0165 2,5t, min.\u0161\u00edrka stroja 1100mm, h\u013abka v\u00fdkopu 2500mm, ly\u017eice 300,500,700mm. Svahova\u010dka 1000mm,hydraulick\u00fd r\u00fdchloupin\u00e1k Powertilt ,mimoos\u00e9 kopanie. Naklada\u010d&nbsp; GEHL R 105 Hmotnos\u0165 1,8t Celkov\u00e1 d\u013a\u017eka s ly\u017eicou &#8211; 2896mm Pracovn\u00e1 v\u00fd\u0161ka &#8211; 2731mm \u0160\u00edrka ly\u017eice &#8211; 1250mm&nbsp; Vykl\u00e1pa\u010d Iveco DAILY Trojstrann\u00fd s\u00a0nosnos\u0165ou 3.5t Od\u0165ahovka Iveco DAILY S\u00a0nosnos\u0165ou 3,5t + elektrick\u00fd navij\u00e1k Mixovacia&hellip;&nbsp;<a href=\"https:\/\/maki-service.sk\/index.php\/maki-service-s-r-o-vykopove-a-zemne-prace\/\" class=\"\" rel=\"bookmark\">\u010c\u00edta\u0165 viac &raquo;<span class=\"screen-reader-text\">Na\u0161e stroje<\/span><\/a><\/p>\n","protected":false},"author":1,"featured_media":0,"parent":0,"menu_order":0,"comment_status":"closed","ping_status":"closed","template":"","meta":{"om_disable_all_campaigns":false,"_monsterinsights_skip_tracking":false,"_monsterinsights_sitenote_active":false,"_monsterinsights_sitenote_note":"","_monsterinsights_sitenote_category":0,"neve_meta_sidebar":"","neve_meta_container":"","neve_meta_enable_content_width":"","neve_meta_content_width":0,"neve_meta_title_alignment":"","neve_meta_author_avatar":"","neve_post_elements_order":"","neve_meta_disable_header":"","neve_meta_disable_footer":"","neve_meta_disable_title":"","footnotes":""},"aioseo_notices":[],"_links":{"self":[{"href":"https:\/\/maki-service.sk\/index.php\/wp-json\/wp\/v2\/pages\/94"}],"collection":[{"href":"https:\/\/maki-service.sk\/index.php\/wp-json\/wp\/v2\/pages"}],"about":[{"href":"https:\/\/maki-service.sk\/index.php\/wp-json\/wp\/v2\/types\/page"}],"author":[{"embeddable":true,"href":"https:\/\/maki-service.sk\/index.php\/wp-json\/wp\/v2\/users\/1"}],"replies":[{"embeddable":true,"href":"https:\/\/maki-service.sk\/index.php\/wp-json\/wp\/v2\/comments?post=94"}],"version-history":[{"count":5,"href":"https:\/\/maki-service.sk\/index.php\/wp-json\/wp\/v2\/pages\/94\/revisions"}],"predecessor-version":[{"id":114,"href":"https:\/\/maki-service.sk\/index.php\/wp-json\/wp\/v2\/pages\/94\/revisions\/114"}],"wp:attachment":[{"href":"https:\/\/maki-service.sk\/index.php\/wp-json\/wp\/v2\/media?parent=94"}],"curies":[{"name":"wp","href":"https:\/\/api.w.org\/{rel}","templated":true}]}}